{"id":12,"date":"2021-12-20T09:46:53","date_gmt":"2021-12-20T12:46:53","guid":{"rendered":"https:\/\/gnl.com.br\/?page_id=12"},"modified":"2026-02-02T09:52:50","modified_gmt":"2026-02-02T12:52:50","slug":"compliance","status":"publish","type":"page","link":"https:\/\/gnl.com.br\/eng\/compliance\/","title":{"rendered":"Compliance"},"content":{"rendered":"\n\n\t<section class=\"section\" id=\"section_1931765451\">\n\t\t<div class=\"section-bg fill\" >\n\t\t\t\t\t\t\t\t\t\n\t\t\t\n\n\t\t<\/div>\n\n\t\t\n\n\t\t<div class=\"section-content relative\">\n\t\t\t\n\n<div class=\"row row-collapse row-full-width align-middle align-center\" id=\"row-98102001\">\n\n\n\t<div id=\"col-919116126\" class=\"col small-12 large-12\" >\n\t\t\t\t<div class=\"col-inner\" >\n\t\t\t\n\t<div class=\"is-border\"\n\t\tstyle=\"border-width:0px 0px 0px 0px;\">\n\t<\/div>\n\t\t\t\n\n\n <div class=\"banner has-hover is-full-height\" id=\"banner-1185197407\">\n <div class=\"banner-inner fill\">\n <div class=\"banner-bg fill\" >\n <img loading=\"lazy\" decoding=\"async\" width=\"1923\" height=\"1074\" src=\"https:\/\/gnl.com.br\/eng\/wp-content\/uploads\/sites\/3\/2022\/01\/compliance-gnl.webp\" class=\"bg attachment-original size-original\" alt=\"GNL - Compliance\" \/> \n <\/div>\n\t\t\n <div class=\"banner-layers container\">\n <div class=\"fill banner-link\"><\/div> \n\n <div id=\"text-box-1748766253\" class=\"text-box banner-layer x10 md-x10 lg-x10 y50 md-y50 lg-y50 res-text\">\n <div class=\"text-box-content text dark\">\n \n <div class=\"text-inner text-center\">\n \n\n\t<div id=\"text-3581221809\" class=\"text\">\n\t\t\n\n<h1 class=\"uppercase\"><strong class=\"c_bordaTitulo\">COMPLIANCE<\/strong><\/h1>\n\t\t\n<style>\n#text-3581221809{\n font-size:0.75rem;\n line-height:3;\n text-align:left;\n}\n<\/style>\n\t<\/div>\n\t\n\t<div id=\"text-3750522643\" class=\"text\">\n\t\t\n\n<p>Integrity and respect in all relationships<\/p>\n\t\t\n<style>\n#text-3750522643{\n font-size:1.75rem;\n text-align:left;\n}\n<\/style>\n\t<\/div>\n\t\n\n <\/div>\n <\/div>\n \n<style>\n#text-box-1748766253{\n width:48%;\n}\n#text-box-1748766253 .text-box-content{\n font-size:100%;\n}\n<\/style>\n <\/div>\n \n\n <\/div>\n <\/div>\n\n \n<style>\n#banner-1185197407{\n padding-top:100%;\n background-color:rgb(255,255,255);\n}\n#banner-1185197407 .banner-bg img{\n object-position:49% 100%;\n}\n<\/style>\n <\/div>\n\n\n\n\t\t<\/div>\n\t\t\t\t\n<style>\n#col-919116126 > .col-inner{\n padding:0px 0px 0px 0px;\n}\n<\/style>\n\t<\/div>\n\n\t\n\n<\/div>\n\n\t\t<\/div>\n\n\t\t\n<style>\n#section_1931765451{\n padding-top:0px;\n padding-bottom:0px;\n}\n<\/style>\n\t<\/section>\n\t\n\n\t<section class=\"section\" id=\"section_1328581390\">\n\t\t<div class=\"section-bg fill\" >\n\t\t\t\t\t\t\t\t\t\n\t\t\t\n\n\t\t<\/div>\n\n\t\t\n\n\t\t<div class=\"section-content relative\">\n\t\t\t\n\n<div class=\"row\" style=\"max-width:79%\" id=\"row-2086677979\">\n\n\n\t<div id=\"col-1850815000\" class=\"col c_bgCinza small-12 large-12\" >\n\t\t\t\t<div class=\"col-inner\" >\n\t\t\t\n\t\t\t\n\n\t<div id=\"text-1215488142\" class=\"text\">\n\t\t\n\n<p>GNL believes that its responsibility with integrity is as important, if not greater, than rendering quality legal services to our clients. GNL understands, believes and is committed to encouraging its partners, employees and everyone who operates in the GNL environment, either as business partners or contractors, to act as citizens committed to sustainable and responsible development in the market, complying with legislation and acting ethically in when doing business.<\/p>\n<p>With a focus on data protection and information security, the firm has been developing projects and initiatives with the active involvement of partners and the IT department, with attention to compliance with the Brazilian Data Protection Law (LGPD).<\/p>\n<p>Our Compliance department advises companies of all sizes to develop and implement Compliance policies and mechanisms, in addition to being responsible for advising clients on compliance with LGPD, with projects ranging from workshops, data mapping, action plan definition and team training, according to the needs and context of each client.<\/p>\n\t\t\n<style>\n#text-1215488142{\n color:rgb(0,0,0);\n}\n#text-1215488142 > *{\n color:rgb(0,0,0);\n}\n<\/style>\n\t<\/div>\n\t\n\n\t\t<\/div>\n\t\t\t\t\n<style>\n#col-1850815000 > .col-inner{\n padding:25px 0px 0px 25px;\n margin:15px 0px 0px 0px;\n}\n<\/style>\n\t<\/div>\n\n\t\n\n<\/div>\n\t<div id=\"gap-1876551641\" class=\"gap-element clearfix\" style=\"display:block; height:auto;\">\n\t\t\n<style>\n#gap-1876551641{\n padding-top:50px;\n}\n<\/style>\n\t<\/div>\n\t\n\n<div class=\"row\" style=\"max-width:79%\" id=\"row-724961671\">\n\n\n\t<div id=\"col-875712350\" class=\"col c_bgCinza small-12 large-12\" >\n\t\t\t\t<div class=\"col-inner\" >\n\t\t\t\n\t\t\t\n\n\t<div id=\"text-4230061134\" class=\"text\">\n\t\t\n\n<p>In case of doubts, complaints and\/or need to communicate with Geraldo N\u00e9ry Lopes Advogados in relation to issues related to the protection of Personal Data, contact our Data Protection Officer at:<\/p>\n<p>lgpd@gnl.com.br<\/p>\n<p><b>Data Protection Officer<\/b>: Luigi Oliveira Ribeiro \u2013 e-mail: <a href=\"mailto:lgpd@gnl.com.br\">lgpd@gnl.com.br<\/a><\/p>\n\n\t\t\n<style>\n#text-4230061134{\n color:rgb(0,0,0);\n}\n#text-4230061134 > *{\n color:rgb(0,0,0);\n}\n<\/style>\n\t<\/div>\n\t\n<div class=\"row\" id=\"row-2147348284\">\n\n\n\t<div id=\"col-1358272004\" class=\"col medium-9 small-12 large-9\" >\n\t\t\t\t<div class=\"col-inner\" >\n\t\t\t\n\t\t\t\n\n<h3>Send your message<\/h3>\n\n\n\t\t<\/div>\n\t\t\t\t\t<\/div>\n\n\t\n\n<\/div>\n\n\t\t<\/div>\n\t\t\t\t\n<style>\n#col-875712350 > .col-inner{\n padding:25px 0px 0px 25px;\n margin:15px 0px 0px 0px;\n}\n<\/style>\n\t<\/div>\n\n\t\n\n<\/div>\n\t<div id=\"gap-866712851\" class=\"gap-element clearfix\" style=\"display:block; height:auto;\">\n\t\t\n<style>\n#gap-866712851{\n padding-top:50px;\n}\n<\/style>\n\t<\/div>\n\t\n\n<div class=\"row\" style=\"max-width:79%\" id=\"row-1565409524\">\n\n\n\t<div id=\"col-321563557\" class=\"col c_bgCinzaEscuro small-12 large-12\" >\n\t\t\t\t<div class=\"col-inner\" style=\"background-color:#5f686e;\" >\n\t\t\t\n\t<div class=\"is-border\"\n\t\tstyle=\"border-width:0px 0px 0px 0px;margin:0px 0px 0px -42px;\">\n\t<\/div>\n\t\t\t\n\n\t<div id=\"text-675158474\" class=\"text\">\n\t\t\n\n<p>The Firm&#8217;s Privacy Policy is available <b><a href=\"\/politica-de-privacidade-geraldo-nery-lopes.pdf\" style=\"color: #ffffff !important\" target=\"_blank\" rel=\"noopener\">here<\/a><\/b><\/p>\n<p>The Cookies Policy is available <b><a href=\"\/politica-de-cookies-geraldo-nery-lopes.pdf\" style=\"color: #ffffff !important\" target=\"_blank\" rel=\"noopener\">here<\/a><\/b><\/p>\n<p>The GNL Code of Ethics and Conduct is available <b><a href=\"\/wp-content\/uploads\/2025\/01\/CODIGO-DE-ETICA-E-CONDUTA-GNL-2024.pdf\" style=\"color: #ffffff !important\" target=\"_blank\" rel=\"noopener\">here<\/a><\/b><\/p>\n\t\t\n<style>\n#text-675158474{\n font-size:1.25rem;\n color:rgb(255,255,255);\n}\n#text-675158474 > *{\n color:rgb(255,255,255);\n}\n<\/style>\n\t<\/div>\n\t\n\n\t\t<\/div>\n\t\t\t\t\n<style>\n#col-321563557 > .col-inner{\n padding:50px 50px 0px 50px;\n}\n<\/style>\n\t<\/div>\n\n\t\n\n<\/div>\n\n\t\t<\/div>\n\n\t\t\n<style>\n#section_1328581390{\n padding-top:50px;\n padding-bottom:50px;\n}\n<\/style>\n\t<\/section>\n\t\n\n","protected":false},"excerpt":{"rendered":"","protected":false},"author":1,"featured_media":0,"parent":0,"menu_order":0,"comment_status":"closed","ping_status":"closed","template":"page-transparent-header.php","meta":{"footnotes":""},"class_list":["post-12","page","type-page","status-publish","hentry"],"yoast_head":"\n<title>Compliance - GNL ENG<\/title>\n<meta name=\"description\" content=\"O GNL, convicto de que sua responsabilidade com a integridade \u00e9 t\u00e3o importante ou maior do que a presta\u00e7\u00e3o de servi\u00e7os jur\u00eddicos de qualidade para nossos clientes, entende, acredita e se compromete a estimular os s\u00f3cios, colaboradores e todos que operam no ambiente GNL, sejam como parceiros ou terceiros, a atuarem como cidad\u00e3os comprometidos com o desenvolvimento sustent\u00e1vel e respons\u00e1vel no mercado, cumprindo a legisla\u00e7\u00e3o e atuando de forma \u00e9tica na pr\u00e1tica di\u00e1ria dos nossos neg\u00f3cios.\" \/>\n<meta name=\"robots\" content=\"index, follow, max-snippet:-1, max-image-preview:large, max-video-preview:-1\" \/>\n<link rel=\"canonical\" href=\"https:\/\/gnl.com.br\/eng\/compliance\/\" \/>\n<meta property=\"og:locale\" content=\"en_US\" \/>\n<meta property=\"og:type\" content=\"article\" \/>\n<meta property=\"og:title\" content=\"Compliance\" \/>\n<meta property=\"og:description\" content=\"O GNL, convicto de que sua responsabilidade com a integridade \u00e9 t\u00e3o importante ou maior do que a presta\u00e7\u00e3o de servi\u00e7os jur\u00eddicos de qualidade para nossos clientes, entende, acredita e se compromete a estimular os s\u00f3cios, colaboradores e todos que operam no ambiente GNL, sejam como parceiros ou terceiros, a atuarem como cidad\u00e3os comprometidos com o desenvolvimento sustent\u00e1vel e respons\u00e1vel no mercado, cumprindo a legisla\u00e7\u00e3o e atuando de forma \u00e9tica na pr\u00e1tica di\u00e1ria dos nossos neg\u00f3cios.\" \/>\n<meta property=\"og:url\" content=\"https:\/\/gnl.com.br\/eng\/compliance\/\" \/>\n<meta property=\"og:site_name\" content=\"GNL ENG\" \/>\n<meta property=\"article:modified_time\" content=\"2026-02-02T12:52:50+00:00\" \/>\n<meta name=\"twitter:card\" content=\"summary_large_image\" \/>\n<meta name=\"twitter:label1\" content=\"Est. reading time\" \/>\n\t<meta name=\"twitter:data1\" content=\"3 minutes\" \/>\n<script type=\"application\/ld+json\" class=\"yoast-schema-graph\">{\"@context\":\"https:\/\/schema.org\",\"@graph\":[{\"@type\":\"WebPage\",\"@id\":\"https:\/\/gnl.com.br\/eng\/compliance\/\",\"url\":\"https:\/\/gnl.com.br\/eng\/compliance\/\",\"name\":\"Compliance - GNL ENG\",\"isPartOf\":{\"@id\":\"https:\/\/gnl.com.br\/eng\/#website\"},\"datePublished\":\"2021-12-20T12:46:53+00:00\",\"dateModified\":\"2026-02-02T12:52:50+00:00\",\"description\":\"O GNL, convicto de que sua responsabilidade com a integridade \u00e9 t\u00e3o importante ou maior do que a presta\u00e7\u00e3o de servi\u00e7os jur\u00eddicos de qualidade para nossos clientes, entende, acredita e se compromete a estimular os s\u00f3cios, colaboradores e todos que operam no ambiente GNL, sejam como parceiros ou terceiros, a atuarem como cidad\u00e3os comprometidos com o desenvolvimento sustent\u00e1vel e respons\u00e1vel no mercado, cumprindo a legisla\u00e7\u00e3o e atuando de forma \u00e9tica na pr\u00e1tica di\u00e1ria dos nossos neg\u00f3cios.\",\"breadcrumb\":{\"@id\":\"https:\/\/gnl.com.br\/eng\/compliance\/#breadcrumb\"},\"inLanguage\":\"en-US\",\"potentialAction\":[{\"@type\":\"ReadAction\",\"target\":[\"https:\/\/gnl.com.br\/eng\/compliance\/\"]}]},{\"@type\":\"BreadcrumbList\",\"@id\":\"https:\/\/gnl.com.br\/eng\/compliance\/#breadcrumb\",\"itemListElement\":[{\"@type\":\"ListItem\",\"position\":1,\"name\":\"In\u00edcio\",\"item\":\"https:\/\/gnl.com.br\/eng\/\"},{\"@type\":\"ListItem\",\"position\":2,\"name\":\"Compliance\"}]},{\"@type\":\"WebSite\",\"@id\":\"https:\/\/gnl.com.br\/eng\/#website\",\"url\":\"https:\/\/gnl.com.br\/eng\/\",\"name\":\"GNL ENG\",\"description\":\"S\u00f3 mais um site GNL Ingl\u00eas\",\"potentialAction\":[{\"@type\":\"SearchAction\",\"target\":{\"@type\":\"EntryPoint\",\"urlTemplate\":\"https:\/\/gnl.com.br\/eng\/?s={search_term_string}\"},\"query-input\":{\"@type\":\"PropertyValueSpecification\",\"valueRequired\":true,\"valueName\":\"search_term_string\"}}],\"inLanguage\":\"en-US\"}]}<\/script>\n","yoast_head_json":{"title":"Compliance - GNL ENG","description":"O GNL, convicto de que sua responsabilidade com a integridade \u00e9 t\u00e3o importante ou maior do que a presta\u00e7\u00e3o de servi\u00e7os jur\u00eddicos de qualidade para nossos clientes, entende, acredita e se compromete a estimular os s\u00f3cios, colaboradores e todos que operam no ambiente GNL, sejam como parceiros ou terceiros, a atuarem como cidad\u00e3os comprometidos com o desenvolvimento sustent\u00e1vel e respons\u00e1vel no mercado, cumprindo a legisla\u00e7\u00e3o e atuando de forma \u00e9tica na pr\u00e1tica di\u00e1ria dos nossos neg\u00f3cios.","robots":{"index":"index","follow":"follow","max-snippet":"max-snippet:-1","max-image-preview":"max-image-preview:large","max-video-preview":"max-video-preview:-1"},"canonical":"https:\/\/gnl.com.br\/eng\/compliance\/","og_locale":"en_US","og_type":"article","og_title":"Compliance","og_description":"O GNL, convicto de que sua responsabilidade com a integridade \u00e9 t\u00e3o importante ou maior do que a presta\u00e7\u00e3o de servi\u00e7os jur\u00eddicos de qualidade para nossos clientes, entende, acredita e se compromete a estimular os s\u00f3cios, colaboradores e todos que operam no ambiente GNL, sejam como parceiros ou terceiros, a atuarem como cidad\u00e3os comprometidos com o desenvolvimento sustent\u00e1vel e respons\u00e1vel no mercado, cumprindo a legisla\u00e7\u00e3o e atuando de forma \u00e9tica na pr\u00e1tica di\u00e1ria dos nossos neg\u00f3cios.","og_url":"https:\/\/gnl.com.br\/eng\/compliance\/","og_site_name":"GNL ENG","article_modified_time":"2026-02-02T12:52:50+00:00","twitter_card":"summary_large_image","twitter_misc":{"Est. reading time":"3 minutes"},"schema":{"@context":"https:\/\/schema.org","@graph":[{"@type":"WebPage","@id":"https:\/\/gnl.com.br\/eng\/compliance\/","url":"https:\/\/gnl.com.br\/eng\/compliance\/","name":"Compliance - GNL ENG","isPartOf":{"@id":"https:\/\/gnl.com.br\/eng\/#website"},"datePublished":"2021-12-20T12:46:53+00:00","dateModified":"2026-02-02T12:52:50+00:00","description":"O GNL, convicto de que sua responsabilidade com a integridade \u00e9 t\u00e3o importante ou maior do que a presta\u00e7\u00e3o de servi\u00e7os jur\u00eddicos de qualidade para nossos clientes, entende, acredita e se compromete a estimular os s\u00f3cios, colaboradores e todos que operam no ambiente GNL, sejam como parceiros ou terceiros, a atuarem como cidad\u00e3os comprometidos com o desenvolvimento sustent\u00e1vel e respons\u00e1vel no mercado, cumprindo a legisla\u00e7\u00e3o e atuando de forma \u00e9tica na pr\u00e1tica di\u00e1ria dos nossos neg\u00f3cios.","breadcrumb":{"@id":"https:\/\/gnl.com.br\/eng\/compliance\/#breadcrumb"},"inLanguage":"en-US","potentialAction":[{"@type":"ReadAction","target":["https:\/\/gnl.com.br\/eng\/compliance\/"]}]},{"@type":"BreadcrumbList","@id":"https:\/\/gnl.com.br\/eng\/compliance\/#breadcrumb","itemListElement":[{"@type":"ListItem","position":1,"name":"In\u00edcio","item":"https:\/\/gnl.com.br\/eng\/"},{"@type":"ListItem","position":2,"name":"Compliance"}]},{"@type":"WebSite","@id":"https:\/\/gnl.com.br\/eng\/#website","url":"https:\/\/gnl.com.br\/eng\/","name":"GNL ENG","description":"S\u00f3 mais um site GNL Ingl\u00eas","potentialAction":[{"@type":"SearchAction","target":{"@type":"EntryPoint","urlTemplate":"https:\/\/gnl.com.br\/eng\/?s={search_term_string}"},"query-input":{"@type":"PropertyValueSpecification","valueRequired":true,"valueName":"search_term_string"}}],"inLanguage":"en-US"}]}},"_links":{"self":[{"href":"https:\/\/gnl.com.br\/eng\/wp-json\/wp\/v2\/pages\/12","targetHints":{"allow":["GET"]}}],"collection":[{"href":"https:\/\/gnl.com.br\/eng\/wp-json\/wp\/v2\/pages"}],"about":[{"href":"https:\/\/gnl.com.br\/eng\/wp-json\/wp\/v2\/types\/page"}],"author":[{"embeddable":true,"href":"https:\/\/gnl.com.br\/eng\/wp-json\/wp\/v2\/users\/1"}],"replies":[{"embeddable":true,"href":"https:\/\/gnl.com.br\/eng\/wp-json\/wp\/v2\/comments?post=12"}],"version-history":[{"count":2,"href":"https:\/\/gnl.com.br\/eng\/wp-json\/wp\/v2\/pages\/12\/revisions"}],"predecessor-version":[{"id":2050,"href":"https:\/\/gnl.com.br\/eng\/wp-json\/wp\/v2\/pages\/12\/revisions\/2050"}],"wp:attachment":[{"href":"https:\/\/gnl.com.br\/eng\/wp-json\/wp\/v2\/media?parent=12"}],"curies":[{"name":"wp","href":"https:\/\/api.w.org\/{rel}","templated":true}]}}